{"id":484,"date":"2015-05-25T13:13:26","date_gmt":"2015-05-25T11:13:26","guid":{"rendered":"http:\/\/atenciondiscapacidad.umh.es\/?page_id=484"},"modified":"2026-03-30T10:04:28","modified_gmt":"2026-03-30T08:04:28","slug":"empleated","status":"publish","type":"page","link":"https:\/\/atenciondiscapacidad.umh.es\/ca\/empleated\/","title":{"rendered":"<span lang=\"es\">(Espa\u00f1ol) EmpleATED<\/span>"},"content":{"rendered":"<p>Benvinguts a EMPLEATED! Aqu\u00ed trobareu totes les ofertes de pr\u00e0ctiques i de feina que rebem, adre\u00e7ades a estudiants i exalumnes amb discapacitat de la UMH.<\/p>\n<table width=\"0\">\n<tbody>\n<tr>\n<th><strong>FECHA<\/strong><\/th>\n<th><strong>PUESTO<\/strong><\/th>\n<th><strong>TITULACI\u00d3N<\/strong><\/th>\n<th><strong>EMPRESA<\/strong><\/th>\n<\/tr>\n<tr>\n<td>23\/02\/2024<\/td>\n<td><a href=\"https:\/\/atenciondiscapacidad.umh.es\/files\/2024\/02\/Plantilla-oferta-de-practicas_UMHalumnadodiscapacidad.pdf\" target=\"_blank\" rel=\"noopener\">Pr\u00e0ctiques de Ci\u00e8ncies de la Computaci\u00f3 (s&#8217;obre en una pestanya nova)<\/a><\/td>\n<td>Grau en Enginyeria Inform\u00e0tica i Grau en Enginyeria de Telecomunicacions<\/td>\n<td>Oferta gestionada per DIA<\/td>\n<\/tr>\n<tr>\n<td>23\/02\/2024<\/td>\n<td><a href=\"https:\/\/atenciondiscapacidad.umh.es\/files\/2024\/02\/Plantilla-oferta-de-empleo_UMH-1.pdf\" target=\"_blank\" rel=\"noopener\">Personal de gesti\u00f3 de la log\u00edstica (s&#8217;obre en una pestanya nova)<\/a><\/td>\n<td>Grau en Administraci\u00f3 d&#8217;Empreses, Grau en Relacions Laborals i altres graus relacionats<\/td>\n<td>Oferta gestionada per DIA<\/td>\n<\/tr>\n<tr>\n<td>16\/02\/2024<\/td>\n<td><a href=\"https:\/\/atenciondiscapacidad.umh.es\/files\/2024\/02\/Plantilla-oferta-de-empleo_UMH_FA.pdf\">T\u00e8cnic de camp (s&#8217;obre en una pestanya nova)\u00a0<\/a><\/td>\n<td>Grau en Enginyeria<\/td>\n<td>Oferta gestionada per Fundaci\u00f3n ADECCO<\/td>\n<\/tr>\n<tr>\n<td>15\/05\/2024<\/td>\n<td><a href=\"https:\/\/atenciondiscapacidad.umh.es\/files\/2024\/05\/Oferta-de-empleo_GESTOR-A-DE-PROYECTOS.pdf\" target=\"_blank\" rel=\"noopener\">Director de projecte i controlador de prove\u00efdors (s&#8217;obre en una pestanya nova)<\/a><\/td>\n<td>Grau en Enginyeria d&#8217;Automatitzaci\u00f3 Electr\u00f2nica i Industrial<\/td>\n<td>Oferta gestionada per Fundaci\u00f3n Eurofirms<\/td>\n<\/tr>\n<\/tbody>\n<\/table>\n<table width=\"0\">\n<tbody>\n<tr>\n<td>15\/05\/2024<\/td>\n<td><a href=\"https:\/\/atenciondiscapacidad.umh.es\/files\/2024\/09\/oferta-att-cliente-idiomas.pdf\" target=\"_blank\" rel=\"noopener\">Servei d&#8217;atenci\u00f3 al client amb certificat de lleng\u00fces i discapacitat (s&#8217;obre en una pestanya nova)<\/a><\/td>\n<td>Grau en Administraci\u00f3 i Direcci\u00f3 d&#8217;Empreses (ADE)<\/td>\n<td>Oferta gestionada per Fundaci\u00f3n Eurofirms<\/td>\n<\/tr>\n<\/tbody>\n<\/table>\n<p>&nbsp;<\/p>\n<p>&nbsp;<\/p>\n<p>A m\u00e9s&#8230;<\/p>\n<p><strong>OCUPACI\u00d3 P\u00daBLICA<\/strong><\/p>\n<p>La Oferta P\u00fablica de Empleo del a\u00f1o 2024 se ha aprobado ya en Consejo de Ministros. Son 40.146 plazas ofertadas, de las cuales un 10% del total estar\u00e1n destinadas a personas con discapacidad; ser\u00e1n 3.147 plazas para personas con discapacidad, 629 para personas con discapacidad intelectual.<\/p>\n<p>Mediante el siguiente enlace: <a href=\"https:\/\/atenciondiscapacidad.umh.es\/files\/2025\/11\/Empleo-2025-11-12.pdf\" target=\"_blank\" rel=\"noopener\">Ofertas Empleo P\u00fablico (PDF, 2040 KB)<\/a> , se adjunta informaci\u00f3n detallada sobre convocatorias para trabajar en la <strong>Administraci\u00f3n General del Estado<\/strong> como personal laboral fijo de distintas especialidades para los que se exige titulaci\u00f3n universitaria. Email de contacto para dudas: <a href=\"mailto:empleo.publico@correo.gob.es\">empleo.publico@correo.gob.es<\/a><\/p>\n<p><strong>EMPLEO P\u00daBLICO &#8211; PROCESO SELECTIVO EXTRAORDINARIO<\/strong><\/p>\n<p style=\"font-weight: 400\">El 28 de diciembre de 2024 se public\u00f3 la <strong>Resoluci\u00f3n de la Presidencia de la Agencia Estatal Consejo Superior de Investigaciones Cient\u00edficas (CSIC)<\/strong>, mediante la cual se convoca un proceso selectivo extraordinario para la contrataci\u00f3n de <strong>personal laboral fijo<\/strong>. Esta convocatoria est\u00e1 destinada espec\u00edficamente a personas con discapacidad con titulaci\u00f3n universitaria de <strong>Titulado Superior<\/strong>, y se encuentra <strong>fuera del Convenio \u00danico de la Administraci\u00f3n General del Estado<\/strong>, en el marco de la estabilizaci\u00f3n del empleo temporal.<\/p>\n<p>Puedes consultar la publicaci\u00f3n en el BOE de este proceso accediendo a: <a href=\"https:\/\/atenciondiscapacidad.umh.es\/files\/2025\/01\/BOE-A-2025-1053-1.pdf\" target=\"_blank\" rel=\"noopener\">Plazas proceso extraordinario (PDF, 426 Kb).<\/a><\/p>\n<p>Email para mas dudas o consultas: <a href=\"mailto:empleo.publico@correo.gob.es\">empleo.publico@correo.gob.es<\/a><\/p>\n<p><strong>AYUDAS, SUBVENCIONES, BECAS Y PREMIOS<\/strong><\/p>\n<p>Puedes consultar la informaci\u00f3n sobre ayudas, subvenciones, becas o premios del estado accediendo a: <a href=\"https:\/\/atenciondiscapacidad.umh.es\/files\/2025\/11\/Becas-2025-11-05.pdf\" target=\"_blank\" rel=\"noopener\">Becas, subvenciones, ayudas y premios BOE (PDF, 2900 Kb)<\/a><\/p>\n<p data-start=\"0\" data-end=\"61\">\u2728 <strong><em data-start=\"4\" data-end=\"57\">Historias que Inspiran en la Administraci\u00f3n P\u00fablica<\/em><\/strong> \u2728<\/p>\n<p data-start=\"63\" data-end=\"469\" data-is-last-node=\"\" data-is-only-node=\"\">Desde la Unidad de Apoyo a la Discapacidad os animamos a descubrir una serie de videos que muestran el d\u00eda a d\u00eda de profesionales en la Administraci\u00f3n General del Estado. Especialmente destacamos una secci\u00f3n mensual dedicada a personas con discapacidad que desarrollan carreras ejemplares.<\/p>\n<p data-start=\"63\" data-end=\"469\" data-is-last-node=\"\" data-is-only-node=\"\">Esta semana nos cuenta su experiencia, Helena Leonardo Maes, Jefa de Servicio en la Subdirecci\u00f3n General de Minas.<\/p>\n<p>https:\/\/urldefense.com\/v3\/__https:\/\/www.youtube.com\/watch?v=laiq8IDVV3M&#038;list=PLPS6msFrRuV8G-xM_y3S2ZQQahdgaENtE&#038;index=1__;!!D9dNQwwGXtA!Uh5Cn5iwrk9UXPS11cW5F57joEhlGAM7zBQgswSgQf5jNdC4QDksADPwyLHaThmTHc39TCuS1AbTR61DJDLFJcqz8Q$<\/p>\n<p><strong>Enlaces de inter\u00e9s:<\/strong><\/p>\n<ul>\n<li style=\"font-weight: 400\">P\u00e1gina de YouTube con videos explicativos:<\/li>\n<\/ul>\n<p><a href=\"https:\/\/www.youtube.com\/watch?v=iNIKy6QlL1s&amp;ab_channel=MinisterioTransformaci%C3%B3nDigitalFunci%C3%B3nP%C3%BAblica\">https:\/\/www.youtube.com\/watch?v=iNIKy6QlL1s&amp;ab_channel=MinisterioTransformaci%C3%B3nDigitalFunci%C3%B3nP%C3%BAblica<\/a><\/p>\n<ul>\n<li style=\"font-weight: 400\">Material de apoyo que ha publicado el INAP. Es material oficial y libre de costes que consiste en temarios oficiales para la preparaci\u00f3n de oposiciones.<\/li>\n<\/ul>\n<p><a href=\"https:\/\/www.inap.es\/en\/material-de-apoyo-para-la-preparacion-de-oposiciones\" data-saferedirecturl=\"https:\/\/www.google.com\/url?q=https:\/\/www.inap.es\/en\/material-de-apoyo-para-la-preparacion-de-oposiciones&amp;source=gmail&amp;ust=1649336639989000&amp;usg=AOvVaw1gm1IXWD4SVATfvpnZ5Weg\">https:\/\/www.inap.es\/en\/material-de-apoyo-para-la-preparacion-de-oposiciones<\/a><\/p>\n<hr \/>\n<p style=\"font-weight: 400\"><strong><a href=\"https:\/\/atenciondiscapacidad.umh.es\/files\/2024\/05\/Logo-COCEMFE-ALicante-horizontal-Tricolor.jpg\"><img loading=\"lazy\" class=\"size-medium wp-image-3670 alignleft\" src=\"https:\/\/atenciondiscapacidad.umh.es\/files\/2024\/05\/Logo-COCEMFE-ALicante-horizontal-Tricolor-300x76.jpg\" alt=\"\" width=\"300\" height=\"76\" srcset=\"https:\/\/atenciondiscapacidad.umh.es\/files\/2024\/05\/Logo-COCEMFE-ALicante-horizontal-Tricolor-300x76.jpg 300w, https:\/\/atenciondiscapacidad.umh.es\/files\/2024\/05\/Logo-COCEMFE-ALicante-horizontal-Tricolor-1024x258.jpg 1024w, https:\/\/atenciondiscapacidad.umh.es\/files\/2024\/05\/Logo-COCEMFE-ALicante-horizontal-Tricolor-768x194.jpg 768w, https:\/\/atenciondiscapacidad.umh.es\/files\/2024\/05\/Logo-COCEMFE-ALicante-horizontal-Tricolor-1536x387.jpg 1536w, https:\/\/atenciondiscapacidad.umh.es\/files\/2024\/05\/Logo-COCEMFE-ALicante-horizontal-Tricolor-2048x516.jpg 2048w\" sizes=\"(max-width: 300px) 100vw, 300px\" \/><\/a>Servicio de Intermediaci\u00f3n Laboral COCEMFE Alicante<\/strong><\/p>\n<p>&nbsp;<\/p>\n<p style=\"font-weight: 400\"><a href=\"https:\/\/atenciondiscapacidad.umh.es\/files\/2024\/05\/logoAgenciaColocacion.jpg\"><img loading=\"lazy\" class=\"size-medium wp-image-3673 alignleft\" src=\"https:\/\/atenciondiscapacidad.umh.es\/files\/2024\/05\/logoAgenciaColocacion-300x128.jpg\" alt=\"\" width=\"300\" height=\"128\" srcset=\"https:\/\/atenciondiscapacidad.umh.es\/files\/2024\/05\/logoAgenciaColocacion-300x128.jpg 300w, https:\/\/atenciondiscapacidad.umh.es\/files\/2024\/05\/logoAgenciaColocacion-1024x436.jpg 1024w, https:\/\/atenciondiscapacidad.umh.es\/files\/2024\/05\/logoAgenciaColocacion-768x327.jpg 768w, https:\/\/atenciondiscapacidad.umh.es\/files\/2024\/05\/logoAgenciaColocacion.jpg 1181w\" sizes=\"(max-width: 300px) 100vw, 300px\" \/><\/a>Servicio especializado en la inserci\u00f3n laboral de personas con discapacidad. Es un servicio gratuito y de \u00e1mbito provincial que ofrece bolsa de trabajo, informaci\u00f3n y asesoramiento formativo laboral, certificados de profesionalidad y gu\u00eda de recursos.\u00a0 Si buscas empleo podemos ayudarte, solicita cita previa a trav\u00e9s del tel. 965 25 71 87 o\u00a0<a href=\"mailto:sil.alicante@cominet.org\">sil.alicante@cominet.org<\/a>.<\/p>\n<p style=\"font-weight: 400\">M\u00e1s info:\u00a0<a href=\"https:\/\/www.cocemfealicante.org\/servicios\/sil\/__;!!D9dNQwwGXtA!QZm20zduEvxhe7YZDeOTSXAiG3N_kAOq5MPIVnUwduU7O20XR_LTiY5NkAbBWRZNrbV0ZfG86KdMP3UEaXw$\" target=\"_blank\" rel=\"noopener\">https:\/\/www.cocemfealicante.org\/servicios\/sil\/ (se abre en pesta\u00f1a nueva)<\/a><\/p>\n<hr \/>\n<p><img loading=\"lazy\" class=\"alignnone wp-image-3693 size-full\" src=\"https:\/\/atenciondiscapacidad.umh.es\/files\/2024\/05\/INSERTA.png\" alt=\"\" width=\"324\" height=\"82\" srcset=\"https:\/\/atenciondiscapacidad.umh.es\/files\/2024\/05\/INSERTA.png 324w, https:\/\/atenciondiscapacidad.umh.es\/files\/2024\/05\/INSERTA-300x76.png 300w\" sizes=\"(max-width: 324px) 100vw, 324px\" \/><\/p>\n<p>Inserta Empleo es la Consultora de Recursos Humanos de la Fundaci\u00f3n ONCE. Especializados en la inserci\u00f3n laboral de personas con discapacidad. Si quieres trabajar, emprender con tu propio negocio o formarte para el empleo contacta con ellos.<\/p>\n<p>Todos sus servicios son totalmente gratuitos, tanto para las personas con discapacidad como para las empresas que colaboran, est\u00e1n cofinanciados por Fundaci\u00f3n ONCE y Fondo Social Europeo.<\/p>\n<p>En Inserta Empleo pensamos que la preparaci\u00f3n continua es la clave para conseguir un puesto de trabajo y mantenerlo. Trabajamos para crear oportunidades de empleo. Buscamos el empleo de calidad y que las personas con discapacidad accedan a \u00e9l con las mejores condiciones. Para ello ofrecemos los siguientes servicios: orientaci\u00f3n profesional, intermediaci\u00f3n laboral y mejora de la empleabilidad.<\/p>\n<p>\u00a1No lo dudes entra e inscr\u00edbete aqu\u00ed: <a href=\"https:\/\/www.portalento.es\/areaprivada\/Registro.aspx__;!!D9dNQwwGXtA!R8WlMyU6RO4xbW_cvP4W-Hj-qfAsggMFSKYUzCIFfzDrDbjgVvP7W8mlZ6FHEf5AoblCKNTn9aCr70V0O-WHRMMZxO5G4w$\" target=\"_blank\" rel=\"noopener\">Alta de candidatos y empresas &#8211; Por Talento! (se abre en pesta\u00f1a nueva).<\/a><\/p>\n<hr \/>\n<p><a href=\"http:\/\/upapsalaboral.com\/\"><img loading=\"lazy\" class=\"alignleft wp-image-493 size-full\" title=\"Acceso a upapsa laboral\" src=\"https:\/\/atenciondiscapacidad.umh.es\/files\/2015\/05\/upapsa-laboral.jpg\" alt=\"Acceso a upapsa laboral\" width=\"240\" height=\"57\" \/><\/a><\/p>\n<p>Upapsa Laboral, s\u00f3lo tendr\u00e1s que rellenar el siguiente formulario: <a href=\"https:\/\/docs.google.com\/forms\/d\/1dLSewjdBz1MYLy-cSShQyvPlrtAg1VrpGZql10pLOFg\/viewform\" target=\"_blank\" rel=\"noopener\">Formulario (se abre en pesta\u00f1a nueva)<\/a><\/p>\n<p>&nbsp;<\/p>","protected":false},"excerpt":{"rendered":"<p>Benvinguts a EMPLEATED! Aqu\u00ed trobareu totes les ofertes de pr\u00e0ctiques i de feina que rebem, adre\u00e7ades a estudiants i exalumnes amb discapacitat de la UMH.<\/p>\n<p>FECHA<br \/>\nPUESTO<br \/>\nTITULACI\u00d3N<br \/>\nEMPRESA<\/p>\n<p>23\/02\/2024<br \/>\nPr\u00e0ctiques de Ci\u00e8ncies de la Computaci\u00f3 (s&#8217;obre en una pestanya nova)<br \/>\nGrau en Enginyeria Inform\u00e0tica i Grau en Enginyeria de Telecomunicacions<br \/>\nOferta gestionada per DIA<\/p>\n<p>23\/02\/2024<br \/>\nPersonal de gesti\u00f3 de la log\u00edstica (s&#8217;obre en una [&#8230;]<\/p>\n","protected":false},"author":3236,"featured_media":0,"parent":0,"menu_order":24,"comment_status":"closed","ping_status":"open","template":"","meta":{"_links_to":"","_links_to_target":""},"_links":{"self":[{"href":"https:\/\/atenciondiscapacidad.umh.es\/ca\/wp-json\/wp\/v2\/pages\/484"}],"collection":[{"href":"https:\/\/atenciondiscapacidad.umh.es\/ca\/wp-json\/wp\/v2\/pages"}],"about":[{"href":"https:\/\/atenciondiscapacidad.umh.es\/ca\/wp-json\/wp\/v2\/types\/page"}],"author":[{"embeddable":true,"href":"https:\/\/atenciondiscapacidad.umh.es\/ca\/wp-json\/wp\/v2\/users\/3236"}],"replies":[{"embeddable":true,"href":"https:\/\/atenciondiscapacidad.umh.es\/ca\/wp-json\/wp\/v2\/comments?post=484"}],"version-history":[{"count":0,"href":"https:\/\/atenciondiscapacidad.umh.es\/ca\/wp-json\/wp\/v2\/pages\/484\/revisions"}],"wp:attachment":[{"href":"https:\/\/atenciondiscapacidad.umh.es\/ca\/wp-json\/wp\/v2\/media?parent=484"}],"curies":[{"name":"wp","href":"https:\/\/api.w.org\/{rel}","templated":true}]}}