{"id":484,"date":"2015-05-25T13:13:26","date_gmt":"2015-05-25T11:13:26","guid":{"rendered":"http:\/\/atenciondiscapacidad.umh.es\/?page_id=484"},"modified":"2026-03-30T10:04:28","modified_gmt":"2026-03-30T08:04:28","slug":"empleated","status":"publish","type":"page","link":"https:\/\/atenciondiscapacidad.umh.es\/en\/empleated\/","title":{"rendered":"<span lang=\"es\">(Espa\u00f1ol) EmpleATED<\/span>"},"content":{"rendered":"<p><a href=\"https:\/\/atenciondiscapacidad.umh.es\/files\/2015\/05\/34_PROGRAMADOR-WEB-15_07_16.pdf\">34_PROGRAMADOR WEB 15_07_16<\/a><a href=\"https:\/\/atenciondiscapacidad.umh.es\/files\/2015\/05\/33_T\u00e9cnico-en-RR.HH_.pdf\">33_T\u00e9cnico en RR.HH<\/a><a href=\"https:\/\/atenciondiscapacidad.umh.es\/files\/2015\/05\/33_T\u00e9cnico-de-RR.HH_.pdf\">33_T\u00e9cnico de RR.HH<\/a><a href=\"https:\/\/atenciondiscapacidad.umh.es\/files\/2015\/05\/31_M\u00c9DICO.pdf\">31_M\u00c9DICO<\/a><a href=\"https:\/\/atenciondiscapacidad.umh.es\/files\/2015\/05\/30_ESPECIALISTA-IT-PARA-DESARROLLO-ECOMMERCE.pdf\">30_ESPECIALISTA IT PARA DESARROLLO ECOMMERCE<\/a><a href=\"https:\/\/atenciondiscapacidad.umh.es\/files\/2015\/05\/29_PROGRAMADOR-WEB.pdf\">29_PROGRAMADOR WEB<\/a><a href=\"https:\/\/atenciondiscapacidad.umh.es\/files\/2015\/05\/28_PROGRAMADOR-AGULAR-JS.pdf\">28_PROGRAMADOR AGULAR JS<\/a><a href=\"https:\/\/atenciondiscapacidad.umh.es\/files\/2015\/05\/27_BECA-EN-DEP.DE-ADQUISICI\u00d3N.pdf\">27_BECA EN DEP.DE ADQUISICI\u00d3N<\/a><a href=\"https:\/\/atenciondiscapacidad.umh.es\/files\/2015\/05\/26_FISIOTERAPEUTA.pdf\">26_FISIOTERAPEUTA<\/a><a href=\"https:\/\/atenciondiscapacidad.umh.es\/files\/2015\/05\/25_PROGRAMADOR-WEB.pdf\">25_PROGRAMADOR WEB<\/a><a href=\"https:\/\/atenciondiscapacidad.umh.es\/files\/2015\/05\/25_PROGRAMADOR-WEB-19_04_16.pdf\">25_PROGRAMADOR WEB 19_04_16<\/a><a href=\"https:\/\/atenciondiscapacidad.umh.es\/files\/2015\/05\/25_PROGRAMADOR-WEB-19_04_16.pdf\">25_PROGRAMADOR WEB 19_04_16<\/a><\/p>","protected":false},"excerpt":{"rendered":"<p>34_PROGRAMADOR WEB 15_07_1633_T\u00e9cnico en RR.HH33_T\u00e9cnico de RR.HH31_M\u00c9DICO30_ESPECIALISTA IT PARA DESARROLLO ECOMMERCE29_PROGRAMADOR WEB28_PROGRAMADOR AGULAR JS27_BECA EN DEP.DE ADQUISICI\u00d3N26_FISIOTERAPEUTA25_PROGRAMADOR WEB25_PROGRAMADOR WEB 19_04_1625_PROGRAMADOR WEB 19_04_16<\/p>\n","protected":false},"author":3236,"featured_media":0,"parent":0,"menu_order":24,"comment_status":"closed","ping_status":"open","template":"","meta":{"_links_to":"","_links_to_target":""},"_links":{"self":[{"href":"https:\/\/atenciondiscapacidad.umh.es\/en\/wp-json\/wp\/v2\/pages\/484"}],"collection":[{"href":"https:\/\/atenciondiscapacidad.umh.es\/en\/wp-json\/wp\/v2\/pages"}],"about":[{"href":"https:\/\/atenciondiscapacidad.umh.es\/en\/wp-json\/wp\/v2\/types\/page"}],"author":[{"embeddable":true,"href":"https:\/\/atenciondiscapacidad.umh.es\/en\/wp-json\/wp\/v2\/users\/3236"}],"replies":[{"embeddable":true,"href":"https:\/\/atenciondiscapacidad.umh.es\/en\/wp-json\/wp\/v2\/comments?post=484"}],"version-history":[{"count":0,"href":"https:\/\/atenciondiscapacidad.umh.es\/en\/wp-json\/wp\/v2\/pages\/484\/revisions"}],"wp:attachment":[{"href":"https:\/\/atenciondiscapacidad.umh.es\/en\/wp-json\/wp\/v2\/media?parent=484"}],"curies":[{"name":"wp","href":"https:\/\/api.w.org\/{rel}","templated":true}]}}